{"id":65,"date":"2012-10-17T18:55:01","date_gmt":"2012-10-17T18:55:01","guid":{"rendered":"http:\/\/autoservismilobratovic.com\/?page_id=65"},"modified":"2012-10-17T18:55:01","modified_gmt":"2012-10-17T18:55:01","slug":"poliranje-automobila","status":"publish","type":"page","link":"https:\/\/autoservismilobratovic.com\/?page_id=65","title":{"rendered":"Poliranje automobila"},"content":{"rendered":"<p>Usluga podrazumeva vra\u0107anje sjaja karoseriji uklanjanjem raznih ne\u010disto\u0107a, kao i izgla\u0111ivanju boje i laka na povr\u0161ini automobila.<\/p>\n","protected":false},"excerpt":{"rendered":"<p>Usluga podrazumeva vra\u0107anje sjaja karoseriji uklanjanjem raznih ne\u010disto\u0107a, kao i izgla\u0111ivanju boje i laka na povr\u0161ini automobila.<\/p>\n","protected":false},"author":1,"featured_media":0,"parent":12,"menu_order":0,"comment_status":"closed","ping_status":"closed","template":"","meta":{"ngg_post_thumbnail":0,"footnotes":""},"class_list":["post-65","page","type-page","status-publish","hentry"],"_links":{"self":[{"href":"https:\/\/autoservismilobratovic.com\/index.php?rest_route=\/wp\/v2\/pages\/65","targetHints":{"allow":["GET"]}}],"collection":[{"href":"https:\/\/autoservismilobratovic.com\/index.php?rest_route=\/wp\/v2\/pages"}],"about":[{"href":"https:\/\/autoservismilobratovic.com\/index.php?rest_route=\/wp\/v2\/types\/page"}],"author":[{"embeddable":true,"href":"https:\/\/autoservismilobratovic.com\/index.php?rest_route=\/wp\/v2\/users\/1"}],"replies":[{"embeddable":true,"href":"https:\/\/autoservismilobratovic.com\/index.php?rest_route=%2Fwp%2Fv2%2Fcomments&post=65"}],"version-history":[{"count":1,"href":"https:\/\/autoservismilobratovic.com\/index.php?rest_route=\/wp\/v2\/pages\/65\/revisions"}],"predecessor-version":[{"id":66,"href":"https:\/\/autoservismilobratovic.com\/index.php?rest_route=\/wp\/v2\/pages\/65\/revisions\/66"}],"up":[{"embeddable":true,"href":"https:\/\/autoservismilobratovic.com\/index.php?rest_route=\/wp\/v2\/pages\/12"}],"wp:attachment":[{"href":"https:\/\/autoservismilobratovic.com\/index.php?rest_route=%2Fwp%2Fv2%2Fmedia&parent=65"}],"curies":[{"name":"wp","href":"https:\/\/api.w.org\/{rel}","templated":true}]}}