{"id":48,"date":"2012-10-17T18:19:57","date_gmt":"2012-10-17T18:19:57","guid":{"rendered":"http:\/\/autoservismilobratovic.com\/?page_id=48"},"modified":"2012-10-17T18:23:28","modified_gmt":"2012-10-17T18:23:28","slug":"auto-mehanicarske","status":"publish","type":"page","link":"https:\/\/autoservismilobratovic.com\/?page_id=48","title":{"rendered":"Auto mehani\u010darske"},"content":{"rendered":"<p>Usluga podrazumeva sve vrste mehani\u010dkih kvarova od generalnih popravki motora, remonta menja\u010da, popravki trapa do redovnog odr\u017eavanja i servisa va\u0161eg vozila.<\/p>\n<p>Radimo jo\u0161 i servis ko\u010dionog sistema, proveru upravlja\u010dkog sistema, kontrolu nivoa ulja,<br \/>\nkontrolu nivoa te\u010dnosti u rashladnom sistemu, ispitivanje curenja svih te\u010dnosti u vozilu, kontrolu brisa\u010da, prskalica i te\u010dnosti za pranje stakla&#8230;.<\/p>\n<p>&nbsp;<\/p>\n","protected":false},"excerpt":{"rendered":"<p>Usluga podrazumeva sve vrste mehani\u010dkih kvarova od generalnih popravki motora, remonta menja\u010da, popravki trapa do redovnog odr\u017eavanja i servisa va\u0161eg vozila. Radimo jo\u0161 i servis ko\u010dionog sistema, proveru upravlja\u010dkog sistema, kontrolu nivoa ulja, kontrolu nivoa te\u010dnosti u rashladnom sistemu, ispitivanje &hellip; <a href=\"https:\/\/autoservismilobratovic.com\/?page_id=48\">Continue reading <span class=\"meta-nav\">&rarr;<\/span><\/a><\/p>\n","protected":false},"author":1,"featured_media":0,"parent":12,"menu_order":0,"comment_status":"closed","ping_status":"closed","template":"","meta":{"ngg_post_thumbnail":0,"footnotes":""},"class_list":["post-48","page","type-page","status-publish","hentry"],"_links":{"self":[{"href":"https:\/\/autoservismilobratovic.com\/index.php?rest_route=\/wp\/v2\/pages\/48","targetHints":{"allow":["GET"]}}],"collection":[{"href":"https:\/\/autoservismilobratovic.com\/index.php?rest_route=\/wp\/v2\/pages"}],"about":[{"href":"https:\/\/autoservismilobratovic.com\/index.php?rest_route=\/wp\/v2\/types\/page"}],"author":[{"embeddable":true,"href":"https:\/\/autoservismilobratovic.com\/index.php?rest_route=\/wp\/v2\/users\/1"}],"replies":[{"embeddable":true,"href":"https:\/\/autoservismilobratovic.com\/index.php?rest_route=%2Fwp%2Fv2%2Fcomments&post=48"}],"version-history":[{"count":4,"href":"https:\/\/autoservismilobratovic.com\/index.php?rest_route=\/wp\/v2\/pages\/48\/revisions"}],"predecessor-version":[{"id":51,"href":"https:\/\/autoservismilobratovic.com\/index.php?rest_route=\/wp\/v2\/pages\/48\/revisions\/51"}],"up":[{"embeddable":true,"href":"https:\/\/autoservismilobratovic.com\/index.php?rest_route=\/wp\/v2\/pages\/12"}],"wp:attachment":[{"href":"https:\/\/autoservismilobratovic.com\/index.php?rest_route=%2Fwp%2Fv2%2Fmedia&parent=48"}],"curies":[{"name":"wp","href":"https:\/\/api.w.org\/{rel}","templated":true}]}}